{"id":136,"date":"2025-12-27T13:32:02","date_gmt":"2025-12-27T13:32:02","guid":{"rendered":"https:\/\/ofertanoastra.ro\/LuisMarLabs\/?page_id=136"},"modified":"2026-01-14T08:18:34","modified_gmt":"2026-01-14T08:18:34","slug":"gdpr","status":"publish","type":"page","link":"https:\/\/ofertanoastra.ro\/LuisMarLabs\/gdpr\/","title":{"rendered":"GDPR"},"content":{"rendered":"\n\n\n\n\n<p><br> Politica de Confiden\u021bialitate \u0219i GDPR<br><br><\/p>\n\n\n\n<p>Ultima actualizare: [27.12.2025]<\/p>\n\n\n\n<p><br><br>Aceast\u0103 Politic\u0103 de Confiden\u021bialitate explic\u0103 modul \u00een care Luis Mar Labs se raporteaz\u0103 la datele dvs. personale, \u00een conformitate cu Regulamentul General privind Protec\u021bia Datelor (GDPR) al Uniunii Europene.<\/p>\n\n\n\n<p><br><br>1. Lipsa Colect\u0103rii Datelor (Data Non-Collection) Principiul nostru fundamental este confiden\u021bialitatea prin design. Declar\u0103m pe propria r\u0103spundere c\u0103 aplica\u021biile noastre:<br><br>NU colecteaz\u0103, stocheaz\u0103 sau proceseaz\u0103 date cu caracter personal (nume, adrese, IP-uri, loca\u021bie GPS).<br><br>NU utilizeaz\u0103 servere externe pentru a stoca comportamentul utilizatorului.<br><br>NU transmit date c\u0103tre ter\u021bi. Toate datele generate de aplica\u021bie (ex: liste de redare, fi\u0219iere MP3\/MP4 deschise) r\u0103m\u00e2n stocate local pe dispozitivul dvs. \u0219i nu sunt accesibile nou\u0103.<br><\/p>\n\n\n\n<p><br>2. Drepturile Dumneavoastr\u0103 conform GDPR De\u0219i Luis Mar Labs nu colecteaz\u0103 date personale, respect\u0103m drepturile fundamentale conferite de GDPR oric\u0103rui cet\u0103\u021bean european. \u00cen situa\u021bia ipotetic\u0103 \u00een care am de\u021bine date, a\u021bi avea urm\u0103toarele drepturi:<br><br>Dreptul de acces: Ave\u021bi dreptul de a solicita copii ale datelor dvs. personale. (Not\u0103: Deoarece nu stoc\u0103m date, nu avem ce s\u0103 v\u0103 furniz\u0103m).<br><br>Dreptul la rectificare: Ave\u021bi dreptul de a solicita corectarea informa\u021biilor inexacte.<br><br>Dreptul la \u0219tergere (&#8220;Dreptul de a fi uitat&#8221;): Ave\u021bi dreptul de a solicita \u0219tergerea datelor dvs. personale.<br><br>Dreptul la restric\u021bionarea prelucr\u0103rii: Ave\u021bi dreptul de a v\u0103 opune prelucr\u0103rii datelor dvs.<br><br>\u00centruc\u00e2t nu colect\u0103m date, exercitarea acestor drepturi se rezum\u0103 la faptul c\u0103 nu exist\u0103 date de \u0219ters sau de rectificat din partea noastr\u0103.<br><br><\/p>\n\n\n\n<p>3. Permisiuni pe Dispozitiv Aplica\u021biile noastre pot solicita permisiuni specifice (ex: acces la stocare\/Storage) strict pentru func\u021bionarea local\u0103 (redarea fi\u0219ierelor media). Aceste permisiuni nu sunt folosite pentru a extrage date din telefon\/PC.<\/p>\n\n\n\n<p><br><br>4. Date Colectate de Magazinele de Aplica\u021bii V\u0103 rug\u0103m s\u0103 re\u021bine\u021bi c\u0103 Google Play \u0219i Microsoft Store pot colecta date anonime despre desc\u0103rc\u0103ri \u0219i erori (crashes). Aceste date sunt guvernate de politicile de confiden\u021bialitate ale Google \u0219i Microsoft, nu de Luis Mar Labs.<br><br><\/p>\n\n\n\n<p>5. Contact GDPR Pentru orice nel\u0103muriri privind aceast\u0103 politic\u0103, ne pute\u021bi contacta la: Luis Mar Labs<br> Email: marculesculuispfa@ofertanoastra.ro<\/p>\n\n\n","protected":false},"excerpt":{"rendered":"","protected":false},"author":1,"featured_media":0,"parent":0,"menu_order":0,"comment_status":"closed","ping_status":"closed","template":"","meta":{"pagelayer_contact_templates":[],"_pagelayer_content":"","site-sidebar-layout":"default","site-content-layout":"","ast-site-content-layout":"default","site-content-style":"default","site-sidebar-style":"default","ast-global-header-display":"","ast-banner-title-visibility":"","ast-main-header-display":"","ast-hfb-above-header-display":"","ast-hfb-below-header-display":"","ast-hfb-mobile-header-display":"","site-post-title":"","ast-breadcrumbs-content":"","ast-featured-img":"","footer-sml-layout":"","ast-disable-related-posts":"","theme-transparent-header-meta":"","adv-header-id-meta":"","stick-header-meta":"","header-above-stick-meta":"","header-main-stick-meta":"","header-below-stick-meta":"","astra-migrate-meta-layouts":"set","ast-page-background-enabled":"default","ast-page-background-meta":{"desktop":{"background-color":"var(--ast-global-color-4)","background-image":"","background-repeat":"repeat","background-position":"center center","background-size":"auto","background-attachment":"scroll","background-type":"","background-media":"","overlay-type":"","overlay-color":"","overlay-opacity":"","overlay-gradient":""},"tablet":{"background-color":"","background-image":"","background-repeat":"repeat","background-position":"center center","background-size":"auto","background-attachment":"scroll","background-type":"","background-media":"","overlay-type":"","overlay-color":"","overlay-opacity":"","overlay-gradient":""},"mobile":{"background-color":"","background-image":"","background-repeat":"repeat","background-position":"center center","background-size":"auto","background-attachment":"scroll","background-type":"","background-media":"","overlay-type":"","overlay-color":"","overlay-opacity":"","overlay-gradient":""}},"ast-content-background-meta":{"desktop":{"background-color":"var(--ast-global-color-5)","background-image":"","background-repeat":"repeat","background-position":"center center","background-size":"auto","background-attachment":"scroll","background-type":"","background-media":"","overlay-type":"","overlay-color":"","overlay-opacity":"","overlay-gradient":""},"tablet":{"background-color":"var(--ast-global-color-5)","background-image":"","background-repeat":"repeat","background-position":"center center","background-size":"auto","background-attachment":"scroll","background-type":"","background-media":"","overlay-type":"","overlay-color":"","overlay-opacity":"","overlay-gradient":""},"mobile":{"background-color":"var(--ast-global-color-5)","background-image":"","background-repeat":"repeat","background-position":"center center","background-size":"auto","background-attachment":"scroll","background-type":"","background-media":"","overlay-type":"","overlay-color":"","overlay-opacity":"","overlay-gradient":""}},"footnotes":""},"class_list":["post-136","page","type-page","status-publish","hentry"],"_links":{"self":[{"href":"https:\/\/ofertanoastra.ro\/LuisMarLabs\/wp-json\/wp\/v2\/pages\/136","targetHints":{"allow":["GET"]}}],"collection":[{"href":"https:\/\/ofertanoastra.ro\/LuisMarLabs\/wp-json\/wp\/v2\/pages"}],"about":[{"href":"https:\/\/ofertanoastra.ro\/LuisMarLabs\/wp-json\/wp\/v2\/types\/page"}],"author":[{"embeddable":true,"href":"https:\/\/ofertanoastra.ro\/LuisMarLabs\/wp-json\/wp\/v2\/users\/1"}],"replies":[{"embeddable":true,"href":"https:\/\/ofertanoastra.ro\/LuisMarLabs\/wp-json\/wp\/v2\/comments?post=136"}],"version-history":[{"count":5,"href":"https:\/\/ofertanoastra.ro\/LuisMarLabs\/wp-json\/wp\/v2\/pages\/136\/revisions"}],"predecessor-version":[{"id":173,"href":"https:\/\/ofertanoastra.ro\/LuisMarLabs\/wp-json\/wp\/v2\/pages\/136\/revisions\/173"}],"wp:attachment":[{"href":"https:\/\/ofertanoastra.ro\/LuisMarLabs\/wp-json\/wp\/v2\/media?parent=136"}],"curies":[{"name":"wp","href":"https:\/\/api.w.org\/{rel}","templated":true}]}}