{"id":154,"date":"2025-12-27T14:32:12","date_gmt":"2025-12-27T14:32:12","guid":{"rendered":"https:\/\/ofertanoastra.ro\/LuisMarLabs\/?page_id=154"},"modified":"2026-01-14T08:28:21","modified_gmt":"2026-01-14T08:28:21","slug":"privacy-policy","status":"publish","type":"page","link":"https:\/\/ofertanoastra.ro\/LuisMarLabs\/privacy-policy\/","title":{"rendered":"Privacy Policy"},"content":{"rendered":"\n\n\nPolitica de Confiden\u021bialitate pentru Luis Mar Labs\n<p>Ultima actualizare: 27.12.2025<\/p>\n<p>\nLa Luis Mar Labs, accesibil de la [Introduce\u021bi URL-ul site-ului dvs.], una dintre principalele noastre priorit\u0103\u021bi este confiden\u021bialitatea vizitatorilor \u0219i a utilizatorilor no\u0219tri. Acest document de Politic\u0103 de Confiden\u021bialitate con\u021bine tipurile de informa\u021bii care sunt (sau mai degrab\u0103 nu sunt) colectate \u0219i \u00eenregistrate de Luis Mar Labs \u0219i modul \u00een care le utiliz\u0103m.\n\nFundamental, filosofia noastr\u0103 este simpl\u0103: Nu colect\u0103m, nu stoc\u0103m \u0219i nu partaj\u0103m datele dumneavoastr\u0103 personale.\n\nDac\u0103 ave\u021bi \u00eentreb\u0103ri suplimentare sau ave\u021bi nevoie de mai multe informa\u021bii despre Politica noastr\u0103 de Confiden\u021bialitate, nu ezita\u021bi s\u0103 ne contacta\u021bi.\n\n<\/p>\n<p>1. Politica General\u0103 de Confiden\u021bialitate a Website-ului\nF\u0103r\u0103 Colectare de Date Personale Luis Mar Labs opereaz\u0103 acest site web ca un portal informativ. Declar\u0103m \u00een mod explicit c\u0103:\n\nNu v\u0103 solicit\u0103m s\u0103 crea\u021bi un cont pentru a vizualiza site-ul nostru.\n\nNu colect\u0103m informa\u021bii de identificare personal\u0103 (cum ar fi nume, adrese, numere de telefon sau carduri de credit).\n\nNu stoc\u0103m \u0219i nu p\u0103str\u0103m nicio dat\u0103 personal\u0103 pe serverele noastre.\n\nNu folosim formulare care trimit date c\u0103tre baze de date externe.\n\nCookie-uri \u0219i Web Beacons Luis Mar Labs nu utilizeaz\u0103 cookie-uri pentru a urm\u0103ri comportamentul dumneavoastr\u0103 de navigare, pentru a stoca preferin\u021be personale sau pentru a v\u0103 urm\u0103ri pe internet.\n\nDivulgarea c\u0103tre Ter\u021bi Nu vindem, nu comercializ\u0103m \u0219i nu transfer\u0103m \u00een alt mod c\u0103tre p\u0103r\u021bi externe Informa\u021biile dumneavoastr\u0103 de Identificare Personal\u0103. Nu includem \u0219i nu oferim pe site-ul nostru produse sau servicii ale unor ter\u021be p\u0103r\u021bi care v\u0103 urm\u0103resc activitatea.\n\n<\/p>\n<p>2. Politica de Confiden\u021bialitate a Produselor Software (Aplica\u021bii)\nPe l\u00e2ng\u0103 site-ul nostru web, Luis Mar Labs dezvolt\u0103 aplica\u021bii mobile \u0219i software. Confiden\u021bialitatea dumneavoastr\u0103 conteaz\u0103. Aplica\u021biile noastre sunt concepute pentru a respecta \u0219i proteja informa\u021biile dumneavoastr\u0103 personale, necolect\u00e2nd \u0219i nepartaj\u00e2nd niciun fel de date.\n\nColectarea Datelor Aplica\u021biile dezvoltate de Luis Mar Labs nu colecteaz\u0103, nu stocheaz\u0103 \u0219i nu partajeaz\u0103 nicio informa\u021bie personal\u0103. Toate fi\u0219ierele media sau documentele sunt accesate local, doar pe dispozitivul dumneavoastr\u0103, \u0219i r\u0103m\u00e2n private.\n\nPermisiuni Aplica\u021biile noastre solicit\u0103 permisiuni de acces la stocarea dispozitivului sau la alte func\u021bii hardware doar atunci c\u00e2nd alege\u021bi s\u0103 \u00eenc\u0103rca\u021bi fi\u0219iere (audio, video, documente) pentru utilizare. Aceste permisiuni sunt utilizate strict pentru func\u021bionarea local\u0103 a aplica\u021biei \u0219i niciodat\u0103 pentru colectarea de date.\n\nUtilizarea Informa\u021biilor Toate informa\u021biile, cum ar fi numele fi\u0219ierelor, metadatele sau listele de redare, sunt utilizate doar local pentru afi\u0219are \u0219i func\u021bionare. Nicio dat\u0103 nu p\u0103r\u0103se\u0219te dispozitivul dumneavoastr\u0103 \u0219i nicio informa\u021bie nu este trimis\u0103 c\u0103tre servere externe.\n\nServicii Ter\u021be Aplica\u021biile Luis Mar Labs nu utilizeaz\u0103 servicii ter\u021be de analiz\u0103 (analytics), re\u021bele de publicitate sau servicii de urm\u0103rire (tracking). Aplica\u021biile noastre sunt concepute s\u0103 func\u021bioneze complet offline, f\u0103r\u0103 a transmite date.\n\nSecuritate Toate datele utilizatorului r\u0103m\u00e2n stocate local pe dispozitivul dumneavoastr\u0103. Nicio parte a aplica\u021biilor noastre nu transmite \u0219i nu \u00eencarc\u0103 informa\u021bii pe internet, asigur\u00e2nd confiden\u021bialitatea dumneavoastr\u0103 complet\u0103.<\/p>\n<p>\n\n3. Conformitatea cu GDPR \u0219i CCPA\nDeoarece Luis Mar Labs nu colecteaz\u0103, nu prelucreaz\u0103 \u0219i nu stocheaz\u0103 date personale, suntem, \u00een mod implicit, conformi cu Regulamentul General privind Protec\u021bia Datelor (GDPR) \u0219i cu California Consumer Privacy Act (CCPA).\n\nNu exist\u0103 date la care s\u0103 solicita\u021bi accesul.\n\nNu exist\u0103 date a c\u0103ror \u0219tergere s\u0103 o solicita\u021bi.\n\nNu exist\u0103 date care s\u0103 fie v\u00e2ndute.<\/p>\n<p>\n\n4. Informa\u021bii despre Copii\nO alt\u0103 parte a priorit\u0103\u021bii noastre este ad\u0103ugarea protec\u021biei pentru copii \u00een timpul utiliz\u0103rii internetului. \u00cencuraj\u0103m p\u0103rin\u021bii \u0219i tutorii s\u0103 observe, s\u0103 participe \u0219i\/sau s\u0103 monitorizeze \u0219i s\u0103 ghideze activitatea online a acestora.\n\nLuis Mar Labs nu colecteaz\u0103 cu bun\u0103 \u0219tiin\u021b\u0103 nicio Informa\u021bie de Identificare Personal\u0103 de la copii sub v\u00e2rsta de 13 ani. Deoarece site-ul \u0219i aplica\u021biile noastre nu colecteaz\u0103 date, acestea sunt sigure pentru utilizare de c\u0103tre persoane de toate v\u00e2rstele.\n\n<\/p>\n<p>5. Consim\u021b\u0103m\u00e2nt\nPrin utilizarea site-ului nostru web sau a aplica\u021biilor noastre, v\u0103 da\u021bi consim\u021b\u0103m\u00e2ntul pentru Politica noastr\u0103 de Confiden\u021bialitate \u0219i sunte\u021bi de acord cu termenii acesteia.\n<\/p>\n<p>\n6. Date de Contact\nDac\u0103 ave\u021bi \u00eentreb\u0103ri referitoare la confiden\u021bialitate sau protec\u021bia datelor, sau dac\u0103 trebuie s\u0103 contacta\u021bi dezvoltatorul cu privire la verificarea D-U-N-S sau alte solicit\u0103ri comerciale, pute\u021bi contacta Luis Mar Labs prin e-mail la:\n\nEmail: marculesculuispfa@ofertanoastra.ro\n\n\n","protected":false},"excerpt":{"rendered":"","protected":false},"author":1,"featured_media":0,"parent":0,"menu_order":0,"comment_status":"closed","ping_status":"closed","template":"","meta":{"pagelayer_contact_templates":[],"_pagelayer_content":"","site-sidebar-layout":"default","site-content-layout":"","ast-site-content-layout":"default","site-content-style":"default","site-sidebar-style":"default","ast-global-header-display":"","ast-banner-title-visibility":"","ast-main-header-display":"","ast-hfb-above-header-display":"","ast-hfb-below-header-display":"","ast-hfb-mobile-header-display":"","site-post-title":"","ast-breadcrumbs-content":"","ast-featured-img":"","footer-sml-layout":"","ast-disable-related-posts":"","theme-transparent-header-meta":"","adv-header-id-meta":"","stick-header-meta":"","header-above-stick-meta":"","header-main-stick-meta":"","header-below-stick-meta":"","astra-migrate-meta-layouts":"set","ast-page-background-enabled":"default","ast-page-background-meta":{"desktop":{"background-color":"var(--ast-global-color-4)","background-image":"","background-repeat":"repeat","background-position":"center center","background-size":"auto","background-attachment":"scroll","background-type":"","background-media":"","overlay-type":"","overlay-color":"","overlay-opacity":"","overlay-gradient":""},"tablet":{"background-color":"","background-image":"","background-repeat":"repeat","background-position":"center center","background-size":"auto","background-attachment":"scroll","background-type":"","background-media":"","overlay-type":"","overlay-color":"","overlay-opacity":"","overlay-gradient":""},"mobile":{"background-color":"","background-image":"","background-repeat":"repeat","background-position":"center center","background-size":"auto","background-attachment":"scroll","background-type":"","background-media":"","overlay-type":"","overlay-color":"","overlay-opacity":"","overlay-gradient":""}},"ast-content-background-meta":{"desktop":{"background-color":"var(--ast-global-color-5)","background-image":"","background-repeat":"repeat","background-position":"center center","background-size":"auto","background-attachment":"scroll","background-type":"","background-media":"","overlay-type":"","overlay-color":"","overlay-opacity":"","overlay-gradient":""},"tablet":{"background-color":"var(--ast-global-color-5)","background-image":"","background-repeat":"repeat","background-position":"center center","background-size":"auto","background-attachment":"scroll","background-type":"","background-media":"","overlay-type":"","overlay-color":"","overlay-opacity":"","overlay-gradient":""},"mobile":{"background-color":"var(--ast-global-color-5)","background-image":"","background-repeat":"repeat","background-position":"center center","background-size":"auto","background-attachment":"scroll","background-type":"","background-media":"","overlay-type":"","overlay-color":"","overlay-opacity":"","overlay-gradient":""}},"footnotes":""},"class_list":["post-154","page","type-page","status-publish","hentry"],"_links":{"self":[{"href":"https:\/\/ofertanoastra.ro\/LuisMarLabs\/wp-json\/wp\/v2\/pages\/154","targetHints":{"allow":["GET"]}}],"collection":[{"href":"https:\/\/ofertanoastra.ro\/LuisMarLabs\/wp-json\/wp\/v2\/pages"}],"about":[{"href":"https:\/\/ofertanoastra.ro\/LuisMarLabs\/wp-json\/wp\/v2\/types\/page"}],"author":[{"embeddable":true,"href":"https:\/\/ofertanoastra.ro\/LuisMarLabs\/wp-json\/wp\/v2\/users\/1"}],"replies":[{"embeddable":true,"href":"https:\/\/ofertanoastra.ro\/LuisMarLabs\/wp-json\/wp\/v2\/comments?post=154"}],"version-history":[{"count":4,"href":"https:\/\/ofertanoastra.ro\/LuisMarLabs\/wp-json\/wp\/v2\/pages\/154\/revisions"}],"predecessor-version":[{"id":176,"href":"https:\/\/ofertanoastra.ro\/LuisMarLabs\/wp-json\/wp\/v2\/pages\/154\/revisions\/176"}],"wp:attachment":[{"href":"https:\/\/ofertanoastra.ro\/LuisMarLabs\/wp-json\/wp\/v2\/media?parent=154"}],"curies":[{"name":"wp","href":"https:\/\/api.w.org\/{rel}","templated":true}]}}