{"id":62,"date":"2025-12-26T21:42:09","date_gmt":"2025-12-26T21:42:09","guid":{"rendered":"https:\/\/ofertanoastra.ro\/LuisMarLabs\/home\/"},"modified":"2026-01-19T00:10:46","modified_gmt":"2026-01-19T00:10:46","slug":"home","status":"publish","type":"page","link":"https:\/\/ofertanoastra.ro\/LuisMarLabs\/","title":{"rendered":"Home"},"content":{"rendered":"\n\n\n<p>Lorem Ipsum has been the industry&#8217;s standard dummy text ever since the 1500s.<\/p>\n\n\n\n<h6>Cunoa\u015fte echipa noastr\u0103 de dezvoltatori!<\/h6>\n\n\n\n<h2>Luis MAR Labs &#8211; Partenerul t\u0103u \u00een solu\u021bii software<\/h2>\n\n\n<p>Luis MAR Labs este un dezvoltator de software din Rom\u00e2nia, specializat \u00een aplica\u021bii mobile \u0219i desktop, av\u00e2nd ca misiune satisfac\u021bia clien\u021bilor.<\/p>\n\n\n\n\n\n\n\n\n\n<h2>Your Heading<\/h2>\n\n\n\n\n\n\n\n\n<h6>La Luis MAR Labs, oferim o gam\u0103 variat\u0103 de servicii de dezvoltare software, adaptate nevoilor specifice ale clien\u021bilor no\u0219tri.<\/h6>\n\n\n\n<h2>Serviciile Noastre<\/h2>\n\n\n\n\n<p>Oferim servicii de dezvoltare software personalizate pentru aplica\u021bii mobile \u0219i desktop, construind solu\u021bii adaptate cerin\u021belor tale.<\/p>\n\n\n\n\n<p>Cre\u0103m aplica\u021bii multilingve care \u00eembun\u0103t\u0103\u021besc accesibilitatea \u0219i utilizarea pentru clien\u021bi din diferite regiuni.<\/p>\n\n\n\n\n<p>Furniz\u0103m consultan\u021b\u0103 de specialitate pentru a ajuta clien\u021bii s\u0103-\u0219i optimizeze solu\u021biile software existente \u0219i s\u0103-\u0219i planifice proiectele viitoare.<\/p>\n\n\n\n\n\n\n<p>Oferim servicii de suport \u0219i mentenan\u021b\u0103 pentru a te asigura c\u0103 aplica\u021biile tale sunt mereu func\u021bionale \u0219i actualizate.<\/p>\n\n\n\n\n<p>Asigur\u0103m suport pentru clien\u021bii nostri, ajut\u00e2ndu-i s\u0103 utilizeze la maximum produsele noastre software.<\/p>\n\n\n\n\n<p>Evalu\u0103m \u0219i test\u0103m aplica\u021biile pentru a ne asigura c\u0103 sunt de cea mai bun\u0103 calitate \u00eenainte de lansare.<\/p>\n\n\n\n\n\n\n\n\n<h6>Pasii procesului nostru de dezvoltare software, de la idee la livrare.<\/h6>\n\n\n\n<h2>Contact<\/h2>\n\n\n\n\n\n\n\n\n\nDesigning\n\n\n\nDesigning\n\n\n\nDesigning\n\n\n\nDesigning\n\n\n\n\n\n\n\n<h6>Suntem mereu aici pentru a r\u0103spunde \u00eentreb\u0103rilor tale.<\/h6>\n\n\n\n<h2>Deschide o conversa\u021bie<\/h2>\n\n\n\n<p>Lorem Ipsum has been the industry&#8217;s standard dummy text ever since the 1500s.<\/p>\n\n<h5>\u00a0Marculescu Luis<\/h5>\n\n\n<p>Dezvoltator de Software<\/p>\n\n\n\n\n\n\n\n\n\n\n\n<h2>Your Heading<\/h2>\n\n\n<h2>Func\u021bionalit\u0103\u021bile Noastre<\/h2>\n\n\n<p>Descoper\u0103 caracteristicile avansate ale aplica\u021biilor noastre, proiectate pentru a oferi o experien\u021b\u0103 de utilizare remarcabil\u0103.<\/p>\n\n\n\nAplica\u021biile noastre sunt concepute cu o interfa\u021b\u0103 intuitiv\u0103, pentru a facilita explorarea func\u021bionalit\u0103\u021bilor de c\u0103tre utilizatori.\n\n\nAsigur\u0103m suport pentru mai multe limbi, adapt\u00e2nd aplica\u021biile pentru utilizatori din diferite col\u021buri ale lumii.\n\n\nProdusele noastre sunt optimizate pentru a func\u021biona pe Android \u0219i Windows, oferind flexibilitate utilizatorilor.\n\n\nAplica\u021biile noastre sunt dezvoltate pentru a excela \u00een performan\u021b\u0103, asigur\u00e2nd o experien\u021b\u0103 de utilizare fluid\u0103 \u0219i rapid\u0103.\n\n\n\n\n\n\n\n\nAplica\u021biile noastre sunt concepute cu o interfa\u021b\u0103 intuitiv\u0103, pentru a facilita explorarea func\u021bionalit\u0103\u021bilor de c\u0103tre utilizatori.\n\n\nAsigur\u0103m suport pentru mai multe limbi, adapt\u00e2nd aplica\u021biile pentru utilizatori din diferite col\u021buri ale lumii.\n\n\n\n\nProdusele noastre sunt optimizate pentru a func\u021biona pe Android \u0219i Windows, oferind flexibilitate utilizatorilor.\n\n\n\n\n\n\n\n<h6>Descoper\u0103 cum am adus la via\u021b\u0103 cele mai importante proiecte pentru clien\u021bii no\u0219tri \u00een anul 2026.<\/h6>\n\n\n<h2>Portofoliul Nostru<\/h2>\n\n\n\n\n<p>Aplica\u021bie pentru gestionarea fi\u0219ierelor pe dispozitivele Android \u0219i Windows, inclusiv transfer de date.<\/p>\n\n\n<p>Un seif digital pentru toate documentele tale importante, cu op\u021biuni de criptare avansat\u0103.<\/p>\n\n\n\n\n<p>O aplica\u021bie intuitiv\u0103 pentru editarea video, ce suport\u0103 formate multiple \u0219i are func\u021bionalit\u0103\u021bi de proiec\u021bie HD.<\/p>\n\n<p>Aplica\u021bie interactiv\u0103 gratuit\u0103 pentru \u00eenv\u0103\u021barea \u0219i jucarea \u0219ahului, ideal\u0103 pentru to\u021bi pasiona\u021bii! Se poate juca at\u00e2t contra calculatorului c\u00e2t \u015fi contra unui individ.&nbsp;<\/p>\n\n\n\n<p>Un player multimedia robust ce suport\u0103 o gam\u0103 larg\u0103 de formate, oferind o experien\u021b\u0103 audio de calitate superioar\u0103.<\/p>\n\n\n<p>Aplica\u0163ie necesar\u0103 iubitorilor de solu\u0163ii naturiste!<\/p>\n\n\n\n\n\n\n\n\n<h6>Testimoniale<\/h6>\n\n\n\n<h2>Ce spun clien\u021bii no\u0219tri despre noi?<\/h2>\n\n\n\n<p>Lorem Ipsum has been the industry&#8217;s standard dummy text ever since the 1500s.<\/p>\n<p>Lorem Ipsum has been the industry&#8217;s standard dummy text ever since the 1500s.<\/p>\n\n<p>Lorem Ipsum has been the industry&#8217;s standard dummy text ever since the 1500s.<\/p>\n\n\n\nLuis MAR Labs m-a ajutat s\u0103 optimizez procesul de gestionare a documentelor personale. Aplica\u021bia Digital Vault este fantastic\u0103!\n\nUn alt mod de lucru cu telefonul Android . Recomand cu \u00eencredere!\n\nSolu\u021biile Luis Mar Labs software au revolu\u021bionat modul \u00een care folosesc telefonul. Folosesc aplica\u021bia Windroid Explorer zilnic!\n\n\n\n<p>Lorem Ipsum has been the industry&#8217;s standard dummy text ever since the 1500s.<\/p>\n<p>Lorem Ipsum has been the industry&#8217;s standard dummy text ever since the 1500s.<\/p>\n\n\n\n\n","protected":false},"excerpt":{"rendered":"","protected":false},"author":1,"featured_media":0,"parent":0,"menu_order":0,"comment_status":"closed","ping_status":"closed","template":"","meta":{"pagelayer_contact_templates":[],"_pagelayer_content":"","site-sidebar-layout":"default","site-content-layout":"","ast-site-content-layout":"default","site-content-style":"default","site-sidebar-style":"default","ast-global-header-display":"","ast-banner-title-visibility":"","ast-main-header-display":"","ast-hfb-above-header-display":"","ast-hfb-below-header-display":"","ast-hfb-mobile-header-display":"","site-post-title":"","ast-breadcrumbs-content":"","ast-featured-img":"","footer-sml-layout":"","ast-disable-related-posts":"","theme-transparent-header-meta":"","adv-header-id-meta":"","stick-header-meta":"","header-above-stick-meta":"","header-main-stick-meta":"","header-below-stick-meta":"","astra-migrate-meta-layouts":"set","ast-page-background-enabled":"default","ast-page-background-meta":{"desktop":{"background-color":"var(--ast-global-color-4)","background-image":"","background-repeat":"repeat","background-position":"center center","background-size":"auto","background-attachment":"scroll","background-type":"","background-media":"","overlay-type":"","overlay-color":"","overlay-opacity":"","overlay-gradient":""},"tablet":{"background-color":"","background-image":"","background-repeat":"repeat","background-position":"center center","background-size":"auto","background-attachment":"scroll","background-type":"","background-media":"","overlay-type":"","overlay-color":"","overlay-opacity":"","overlay-gradient":""},"mobile":{"background-color":"","background-image":"","background-repeat":"repeat","background-position":"center center","background-size":"auto","background-attachment":"scroll","background-type":"","background-media":"","overlay-type":"","overlay-color":"","overlay-opacity":"","overlay-gradient":""}},"ast-content-background-meta":{"desktop":{"background-color":"var(--ast-global-color-5)","background-image":"","background-repeat":"repeat","background-position":"center center","background-size":"auto","background-attachment":"scroll","background-type":"","background-media":"","overlay-type":"","overlay-color":"","overlay-opacity":"","overlay-gradient":""},"tablet":{"background-color":"var(--ast-global-color-5)","background-image":"","background-repeat":"repeat","background-position":"center center","background-size":"auto","background-attachment":"scroll","background-type":"","background-media":"","overlay-type":"","overlay-color":"","overlay-opacity":"","overlay-gradient":""},"mobile":{"background-color":"var(--ast-global-color-5)","background-image":"","background-repeat":"repeat","background-position":"center center","background-size":"auto","background-attachment":"scroll","background-type":"","background-media":"","overlay-type":"","overlay-color":"","overlay-opacity":"","overlay-gradient":""}},"footnotes":""},"class_list":["post-62","page","type-page","status-publish","hentry"],"_links":{"self":[{"href":"https:\/\/ofertanoastra.ro\/LuisMarLabs\/wp-json\/wp\/v2\/pages\/62","targetHints":{"allow":["GET"]}}],"collection":[{"href":"https:\/\/ofertanoastra.ro\/LuisMarLabs\/wp-json\/wp\/v2\/pages"}],"about":[{"href":"https:\/\/ofertanoastra.ro\/LuisMarLabs\/wp-json\/wp\/v2\/types\/page"}],"author":[{"embeddable":true,"href":"https:\/\/ofertanoastra.ro\/LuisMarLabs\/wp-json\/wp\/v2\/users\/1"}],"replies":[{"embeddable":true,"href":"https:\/\/ofertanoastra.ro\/LuisMarLabs\/wp-json\/wp\/v2\/comments?post=62"}],"version-history":[{"count":10,"href":"https:\/\/ofertanoastra.ro\/LuisMarLabs\/wp-json\/wp\/v2\/pages\/62\/revisions"}],"predecessor-version":[{"id":181,"href":"https:\/\/ofertanoastra.ro\/LuisMarLabs\/wp-json\/wp\/v2\/pages\/62\/revisions\/181"}],"wp:attachment":[{"href":"https:\/\/ofertanoastra.ro\/LuisMarLabs\/wp-json\/wp\/v2\/media?parent=62"}],"curies":[{"name":"wp","href":"https:\/\/api.w.org\/{rel}","templated":true}]}}